{"id":10,"date":"2020-05-25T00:05:00","date_gmt":"2020-05-24T22:05:00","guid":{"rendered":"http:\/\/www.ananse.org\/___DesignFirst\/?page_id=10"},"modified":"2022-03-25T20:57:33","modified_gmt":"2022-03-25T19:57:33","slug":"projekte-ghana","status":"publish","type":"page","link":"https:\/\/www.ananse.org\/de\/projekte-ghana\/","title":{"rendered":"Projekte in Ghana"},"content":{"rendered":"\n<div class=\"wp-block-image\"><figure class=\"alignright\"><img loading=\"lazy\" decoding=\"async\" width=\"258\" height=\"300\" src=\"http:\/\/www.ananse.org\/en\/wp-content\/uploads\/2020\/04\/Ghana-Map-258x300.png\" alt=\"\" class=\"wp-image-1633\" srcset=\"https:\/\/www.ananse.org\/de\/wp-content\/uploads\/2020\/04\/Ghana-Map-258x300.png 258w, https:\/\/www.ananse.org\/de\/wp-content\/uploads\/2020\/04\/Ghana-Map.png 503w\" sizes=\"auto, (max-width: 258px) 100vw, 258px\" \/><\/figure><\/div>\n\n\n\n<p><!--:de-->Die Unterst\u00fctzung des Wohndorfs von Hand in Hand in Nkoranza ist das Startprojekt von Ananse e.V., unterst\u00fctzt seit der Gr\u00fcndung des Vereins im Jahr 2000. Susanne Holm und R\u00fcdiger Gailing hatten dort im vorangegangenen Jahr gelebt und mitgearbeitet.<\/p>\n\n\n\n<p>Nkoranza liegt in der Brong-Ahafo-Region in der Mitte Ghanas. Die Menschen leben von der Landwirtschaft. Meist werden Yam-Wurzeln, Cassava (Maniok) und Mais angebaut. Die Mehrheit der Bev\u00f6lkerung lebt in Armut, die Arbeitslosigkeit ist sehr hoch. Viele, gerade junge Menschen, kehren der Region den R\u00fccken und wandern in die beiden gro\u00dfen St\u00e4dte Kumasi und Accra ab.<\/p>\n\n\n\n<p>Die Zusammenarbeit mit Hand in Hand und damit vor allem die Unterst\u00fctzung des Wohndorfs und der Werkstatt in Nkoranza ist langfristig angelegt und hat den Charakter einer Partnerschaft. Nach dem Bau des Ausbildungszentrums in Wenchi ist Ananse e.V. gemeinsam mit dem Ghana e.V. bestrebt, den Aufbau des Zentrums unterst\u00fctzend zu begleiten.<br><!--:--><\/p>\n\n\n\n<p>Unsere Projekte und Projektpartner sind:<\/p>\n\n\n\n<ul class=\"has-medium-font-size wp-block-list\"><li><strong><a href=\"https:\/\/www.ananse.org\/de\/category\/hand-in-hand-in-nkoranze\/\">&#8222;Hand in Hand&#8220; in Nkoranza<\/a><\/strong><\/li><li><strong><a href=\"https:\/\/www.ananse.org\/de\/category\/outreach-program\/\">Out Reach Program<\/a><\/strong><\/li><li><strong><a href=\"https:\/\/www.ananse.org\/de\/category\/youth-city-ausbildungszentrum-wenchi\/\">&#8222;Youth City&#8220; Ausbildungszentrum in Wenchi<\/a><\/strong><\/li><li><strong><a href=\"https:\/\/www.ananse.org\/de\/category\/foerderklassen\/\">F\u00f6rderklassen<\/a><\/strong><\/li><li><strong><a href=\"https:\/\/www.ananse.org\/de\/category\/cled-kampagne-lernbehinderung\/\">&#8222;CLED&#8220; Kampagne f\u00fcr Sch\u00fclerinnen und Sch\u00fcler mit Lernbehinderung<\/a><\/strong><\/li><\/ul>\n","protected":false},"excerpt":{"rendered":"<p>Die Unterst\u00fctzung des Wohndorfs von Hand in Hand in Nkoranza ist das Startprojekt von Ananse e.V., unterst\u00fctzt seit der Gr\u00fcndung des Vereins im Jahr 2000. [&#8230;]<\/p>\n","protected":false},"author":1,"featured_media":0,"parent":0,"menu_order":0,"comment_status":"closed","ping_status":"closed","template":"","meta":{"footnotes":""},"class_list":["post-10","page","type-page","status-publish","hentry"],"jetpack_sharing_enabled":true,"_links":{"self":[{"href":"https:\/\/www.ananse.org\/de\/wp-json\/wp\/v2\/pages\/10","targetHints":{"allow":["GET"]}}],"collection":[{"href":"https:\/\/www.ananse.org\/de\/wp-json\/wp\/v2\/pages"}],"about":[{"href":"https:\/\/www.ananse.org\/de\/wp-json\/wp\/v2\/types\/page"}],"author":[{"embeddable":true,"href":"https:\/\/www.ananse.org\/de\/wp-json\/wp\/v2\/users\/1"}],"replies":[{"embeddable":true,"href":"https:\/\/www.ananse.org\/de\/wp-json\/wp\/v2\/comments?post=10"}],"version-history":[{"count":6,"href":"https:\/\/www.ananse.org\/de\/wp-json\/wp\/v2\/pages\/10\/revisions"}],"predecessor-version":[{"id":2329,"href":"https:\/\/www.ananse.org\/de\/wp-json\/wp\/v2\/pages\/10\/revisions\/2329"}],"wp:attachment":[{"href":"https:\/\/www.ananse.org\/de\/wp-json\/wp\/v2\/media?parent=10"}],"curies":[{"name":"wp","href":"https:\/\/api.w.org\/{rel}","templated":true}]}}