{"id":11,"date":"2020-05-25T00:06:00","date_gmt":"2020-05-24T22:06:00","guid":{"rendered":"http:\/\/www.ananse.org\/___DesignFirst\/?page_id=11"},"modified":"2022-03-25T20:54:34","modified_gmt":"2022-03-25T19:54:34","slug":"projekte-kenya","status":"publish","type":"page","link":"https:\/\/www.ananse.org\/de\/projekte-kenya\/","title":{"rendered":"Projekte in Kenya"},"content":{"rendered":"<p><!--:de--><img loading=\"lazy\" decoding=\"async\" class=\" wp-image-1671 alignright\" src=\"http:\/\/www.ananse.org\/en\/wp-content\/uploads\/2020\/05\/Kenya-Map-273x300.jpg\" alt=\"\" width=\"405\" height=\"445\" srcset=\"https:\/\/www.ananse.org\/de\/wp-content\/uploads\/2020\/05\/Kenya-Map-273x300.jpg 273w, https:\/\/www.ananse.org\/de\/wp-content\/uploads\/2020\/05\/Kenya-Map-931x1024.jpg 931w, https:\/\/www.ananse.org\/de\/wp-content\/uploads\/2020\/05\/Kenya-Map-768x845.jpg 768w, https:\/\/www.ananse.org\/de\/wp-content\/uploads\/2020\/05\/Kenya-Map.jpg 1000w\" sizes=\"auto, (max-width: 405px) 100vw, 405px\" \/><!--:--><!--:en-->In Kenia arbeitet Ananse generell mit der kenianischen Nicht-Regierungsorganisation Salus Oculi Kenya (SOK) zusammen. SOK ist eine kleine kenianische Organisation, die eng mit dem Deutschen Blindenhilfswerk verbunden ist. Seit 1996 setzt SOK sich sehr engagiert f\u00fcr die Belange blinder und sehbehinderter Menschen im eigenen Land ein.<\/p>\n<p>Die von SOK durchgef\u00fchrten Projekte im medizinischen, p\u00e4dagogischen oder sozialen Bereich sind \u00fcber ganz Kenia verteilt. Sie tragen immer zur Verbesserung der Lebenssituation blinder und sehbehinderter Menschen bei oder sind als pr\u00e4ventive Ma\u00dfnahmen zur Verh\u00fctung von Blindheit und hochgradiger Sehbehinderung zu bewerten.<\/p>\n<p>Ananse kooperiert seit vielen Jahren mit SOK, seit 2002 f\u00fchren wir gemeinsam Projekte zur Bildung blinder und sehbehinderter Kinder und Jugendlicher durch. Das sind z.B. Lehrerfortbildungen, Einkommen schaffende Ma\u00dfnahmen, um Schulgelder zu finanzieren, Ausstattung mit blindenspezifischem Lern- und Lehrmaterial, Ma\u00dfnahmen zur beruflichen Eingliederung blinder und sehbehinderter junger Erwachsener oder den Bau von F\u00f6rderzentren f\u00fcr blinde und sehbehinderte Kinder an Regelschulen.<\/p>\n<p>Mitglieder von Ananse e.V. reisen regelm\u00e4\u00dfig nach Kenia, um gemeinsam mit SOK Projekte zu besuchen, zu planen und zu evaluieren; entsprechend besteht kontinuierlicher Telefon- und E-Mail Kontakt.<br>\n<!--:--><\/p>\n\n\n<p>Unsere Projekte und Projektpartner sind:<\/p>\n\n\n\n<ul class=\"wp-block-list\"><li><strong><a href=\"https:\/\/www.ananse.org\/de\/category\/vocational-training-centre\/\"><strong>Vocational Training Centre<\/strong> in Kilifi<\/a><\/strong><\/li><li><strong><a href=\"https:\/\/www.ananse.org\/de\/category\/schulbesuch-ermoeglichen\/\">Schulbesuche zu erm\u00f6glichen<\/a><\/strong><\/li><li><strong><a href=\"https:\/\/www.ananse.org\/de\/category\/corona-hilfe\/\">Corona-Hilfen f\u00fcr Familien<\/a><\/strong><\/li><li><strong><a href=\"https:\/\/www.ananse.org\/de\/category\/gegenseitige-unterstuetzung\/\">Gegenseitige Unterst\u00fctzung<\/a><\/strong><\/li><li><strong><a href=\"https:\/\/www.ananse.org\/de\/category\/spiele-fuer-kibarani-primary-school\/\">Kibarani Primary School<\/a><\/strong><\/li><\/ul>\n","protected":false},"excerpt":{"rendered":"<p>In Kenia arbeitet Ananse generell mit der kenianischen Nicht-Regierungsorganisation Salus Oculi Kenya (SOK) zusammen. SOK ist eine kleine kenianische Organisation, die eng mit dem Deutschen [&#8230;]<\/p>\n","protected":false},"author":1,"featured_media":0,"parent":0,"menu_order":0,"comment_status":"closed","ping_status":"closed","template":"","meta":{"footnotes":""},"class_list":["post-11","page","type-page","status-publish","hentry"],"jetpack_sharing_enabled":true,"_links":{"self":[{"href":"https:\/\/www.ananse.org\/de\/wp-json\/wp\/v2\/pages\/11","targetHints":{"allow":["GET"]}}],"collection":[{"href":"https:\/\/www.ananse.org\/de\/wp-json\/wp\/v2\/pages"}],"about":[{"href":"https:\/\/www.ananse.org\/de\/wp-json\/wp\/v2\/types\/page"}],"author":[{"embeddable":true,"href":"https:\/\/www.ananse.org\/de\/wp-json\/wp\/v2\/users\/1"}],"replies":[{"embeddable":true,"href":"https:\/\/www.ananse.org\/de\/wp-json\/wp\/v2\/comments?post=11"}],"version-history":[{"count":4,"href":"https:\/\/www.ananse.org\/de\/wp-json\/wp\/v2\/pages\/11\/revisions"}],"predecessor-version":[{"id":2326,"href":"https:\/\/www.ananse.org\/de\/wp-json\/wp\/v2\/pages\/11\/revisions\/2326"}],"wp:attachment":[{"href":"https:\/\/www.ananse.org\/de\/wp-json\/wp\/v2\/media?parent=11"}],"curies":[{"name":"wp","href":"https:\/\/api.w.org\/{rel}","templated":true}]}}