{"id":15,"date":"2021-04-06T12:34:12","date_gmt":"2021-04-06T10:34:12","guid":{"rendered":"http:\/\/www.ananse.org\/___DesignFirst\/?page_id=15"},"modified":"2026-02-15T19:42:57","modified_gmt":"2026-02-15T18:42:57","slug":"donations","status":"publish","type":"page","link":"https:\/\/www.ananse.org\/de\/donations\/","title":{"rendered":"Spenden"},"content":{"rendered":"\n<p>Sie haben zwei M\u00f6glichkeiten, die Arbeit von Ananse mit einer Geldspende zu unterst\u00fctzen.<\/p>\n\n\n<div class=\"wp-block-image\">\n<figure class=\"alignleft size-large is-resized\"><img loading=\"lazy\" decoding=\"async\" width=\"326\" height=\"735\" src=\"https:\/\/www.ananse.org\/de\/wp-content\/uploads\/2020\/04\/Logo-Ananse-Spinne.jpg\" alt=\"\" class=\"wp-image-1610\" style=\"width:118px;height:266px\" srcset=\"https:\/\/www.ananse.org\/de\/wp-content\/uploads\/2020\/04\/Logo-Ananse-Spinne.jpg 326w, https:\/\/www.ananse.org\/de\/wp-content\/uploads\/2020\/04\/Logo-Ananse-Spinne-133x300.jpg 133w\" sizes=\"auto, (max-width: 326px) 100vw, 326px\" \/><\/figure>\n<\/div>\n\n\n<ol class=\"wp-block-list\">\n<li>Sie k\u00f6nnen Ihre Spende direkt an ein Projekt von Ananse richten. In diesem Falle geben Sie bitte bei Ihrer \u00dcberweisung das passende Stichwort an (siehe bei den jeweiligen Projekten). Dann geht Ihr Geld zu 100% in das Projekt.<\/li>\n\n\n\n<li>Sie k\u00f6nnen die Arbeit von Ananse unabh\u00e4ngig von der Auswahl eines bestimmten Projekts unterst\u00fctzen. Dann ist es f\u00fcr Ananse m\u00f6glich, die Spende dort einzusetzen, wo gerade Bedarf ist. Aus diesen projektungebundenen Spenden sowie aus den Mitgliedsbeitr\u00e4gen wird au\u00dferdem die Vereinsarbeit allgemein gef\u00f6rdert, z.B. die Kosten f\u00fcr Porto, Druckkosten von Informationsmaterial, Erstellen der website und anderes gedeckt.<\/li>\n<\/ol>\n\n\n\n<p>Der Vereinsvorstand und die aktiven Mitglieder arbeiten ausschlie\u00dflich ehrenamtlich.<\/p>\n\n\n\n<p>Sie k\u00f6nnen Ihre Spende steuerlich absetzen. Ananse stellt Ihnen nach Ablauf eines Kalenderjahres eine Spendenquittung zu.<\/p>\n\n\n\n<p>Geben Sie bei Ihrer \u00dcberweisung bitte unbedingt<strong> Ihre Anschrift<\/strong> im Verwendungszweck mit an. Ananse e.V. kann Ihnen sonst die Spendenquittung nicht zuschicken. Geben Sie zus\u00e4tzlich <strong>Ihre E-Mailadresse<\/strong> an, erhalten Sie diese automatisch auf dem elektronischen Weg.<\/p>\n\n\n<div class=\"wp-block-image\">\n<figure class=\"alignright size-large is-resized\"><img loading=\"lazy\" decoding=\"async\" width=\"1024\" height=\"642\" src=\"https:\/\/www.ananse.org\/de\/wp-content\/uploads\/2020\/04\/Logo-Ananse-1024x642.jpg\" alt=\"\" class=\"wp-image-1611\" style=\"width:272px;height:170px\" srcset=\"https:\/\/www.ananse.org\/de\/wp-content\/uploads\/2020\/04\/Logo-Ananse-1024x642.jpg 1024w, https:\/\/www.ananse.org\/de\/wp-content\/uploads\/2020\/04\/Logo-Ananse-300x188.jpg 300w, https:\/\/www.ananse.org\/de\/wp-content\/uploads\/2020\/04\/Logo-Ananse-768x482.jpg 768w, https:\/\/www.ananse.org\/de\/wp-content\/uploads\/2020\/04\/Logo-Ananse.jpg 1172w\" sizes=\"auto, (max-width: 1024px) 100vw, 1024px\" \/><\/figure>\n<\/div>\n\n\n<p><strong>Bank\u00fcberweisung &#8211; Wir erhalten 100% Ihrer Spendensumme<br><\/strong>Sparkasse Dortmund<br>IBAN: DE88 4405 0199 0211 012 439<br>BIC: DORTDE33<\/p>\n\n\n\n<p><strong>Spenden \u00fcber PayPal<\/strong> &#8211; Wir erhalten Ihre Spende abz\u00fcglich einer geringen PayPal-Geb\u00fchr<br>(Sie erhalten eine Spendenquittung \u00fcber den Spendenbetrag, der auf unserem Konto eingeht; Bitte an die \u00dcbermittlung Ihrer Adressdaten denken.)<\/p>\n\n\n\n<figure class=\"wp-block-image size-full\"><img loading=\"lazy\" decoding=\"async\" width=\"128\" height=\"128\" src=\"https:\/\/www.ananse.org\/de\/wp-content\/uploads\/2023\/02\/QR-Code-PayPal-Ananse-Spenden.png\" alt=\"\" class=\"wp-image-2394\"\/><\/figure>\n\n\n\n<form action=\"https:\/\/www.paypal.com\/donate\" method=\"post\" target=\"_top\">\n<input type=\"hidden\" name=\"hosted_button_id\" value=\"QVBAA5WYUEYBS\" \/>\n<input type=\"image\" src=\"https:\/\/www.paypalobjects.com\/de_DE\/DE\/i\/btn\/btn_donate_LG.gif\" border=\"0\" name=\"submit\" title=\"PayPal - The safer, easier way to pay online!\" alt=\"Spenden mit dem PayPal-Button\" \/>\n<img loading=\"lazy\" decoding=\"async\" alt=\"\" border=\"0\" src=\"https:\/\/www.paypal.com\/de_DE\/i\/scr\/pixel.gif\" width=\"1\" height=\"1\" \/>\n<\/form>\n\n\n\n<p>@ANANSEeV<\/p>\n\n\n\n<p><\/p>\n","protected":false},"excerpt":{"rendered":"<p>Sie haben zwei M\u00f6glichkeiten, die Arbeit von Ananse mit einer Geldspende zu unterst\u00fctzen. Der Vereinsvorstand und die aktiven Mitglieder arbeiten ausschlie\u00dflich ehrenamtlich. Sie k\u00f6nnen Ihre [&#8230;]<\/p>\n","protected":false},"author":4,"featured_media":0,"parent":0,"menu_order":0,"comment_status":"closed","ping_status":"closed","template":"","meta":{"footnotes":""},"class_list":["post-15","page","type-page","status-publish","hentry"],"jetpack_sharing_enabled":true,"_links":{"self":[{"href":"https:\/\/www.ananse.org\/de\/wp-json\/wp\/v2\/pages\/15","targetHints":{"allow":["GET"]}}],"collection":[{"href":"https:\/\/www.ananse.org\/de\/wp-json\/wp\/v2\/pages"}],"about":[{"href":"https:\/\/www.ananse.org\/de\/wp-json\/wp\/v2\/types\/page"}],"author":[{"embeddable":true,"href":"https:\/\/www.ananse.org\/de\/wp-json\/wp\/v2\/users\/4"}],"replies":[{"embeddable":true,"href":"https:\/\/www.ananse.org\/de\/wp-json\/wp\/v2\/comments?post=15"}],"version-history":[{"count":6,"href":"https:\/\/www.ananse.org\/de\/wp-json\/wp\/v2\/pages\/15\/revisions"}],"predecessor-version":[{"id":2543,"href":"https:\/\/www.ananse.org\/de\/wp-json\/wp\/v2\/pages\/15\/revisions\/2543"}],"wp:attachment":[{"href":"https:\/\/www.ananse.org\/de\/wp-json\/wp\/v2\/media?parent=15"}],"curies":[{"name":"wp","href":"https:\/\/api.w.org\/{rel}","templated":true}]}}