{"id":2431,"date":"2024-07-02T20:20:26","date_gmt":"2024-07-02T18:20:26","guid":{"rendered":"http:\/\/www.ananse.org\/de\/?page_id=2431"},"modified":"2024-07-02T20:20:26","modified_gmt":"2024-07-02T18:20:26","slug":"unser-leitbild","status":"publish","type":"page","link":"https:\/\/www.ananse.org\/de\/ananse\/unser-leitbild\/","title":{"rendered":"Unser Leitbild"},"content":{"rendered":"\n<p>Wir, Ananse e.V., sind eine Nicht-Regierungs-Organisation zur Unterst\u00fctzung von Menschen mit \u201eSpecial Needs\u201c (besondere Bed\u00fcrfnisse). Konkret engagieren wir uns in Bildungsprojekten f\u00fcr Menschen mit Behinderung in Ghana und Kenia.<\/p>\n\n\n\n<p>In unserer Projektarbeit setzen wir auf Menschlichkeit:<\/p>\n\n\n\n<ul class=\"wp-block-list\">\n<li>Wir arbeiten mit allen Beteiligten der Projekte auf Augenh\u00f6he zusammen.<\/li>\n\n\n\n<li>Wir gehen respektvoll miteinander um und h\u00f6ren einander zu.<\/li>\n\n\n\n<li>Wir empfinden Diversit\u00e4t als Bereicherung.<\/li>\n\n\n\n<li>Wir tolerieren keine Ausgrenzung aufgrund von Glaubenszugeh\u00f6rigkeit, kultureller Identit\u00e4t, Behinderung, sexueller Orientierung oder Geschlechtsidentit\u00e4t.<\/li>\n\n\n\n<li>Wir ber\u00fccksichtigen die Grunds\u00e4tze der Nachhaltigkeit.<\/li>\n\n\n\n<li>Wir legen Wert auf Transparenz und legen dazu unsere Ziele und Arbeitsweise offen.<\/li>\n<\/ul>\n","protected":false},"excerpt":{"rendered":"<p>Wir, Ananse e.V., sind eine Nicht-Regierungs-Organisation zur Unterst\u00fctzung von Menschen mit \u201eSpecial Needs\u201c (besondere Bed\u00fcrfnisse). Konkret engagieren wir uns in Bildungsprojekten f\u00fcr Menschen mit Behinderung [&#8230;]<\/p>\n","protected":false},"author":4,"featured_media":0,"parent":6,"menu_order":1,"comment_status":"closed","ping_status":"closed","template":"","meta":{"footnotes":""},"class_list":["post-2431","page","type-page","status-publish","hentry"],"jetpack_sharing_enabled":true,"_links":{"self":[{"href":"https:\/\/www.ananse.org\/de\/wp-json\/wp\/v2\/pages\/2431","targetHints":{"allow":["GET"]}}],"collection":[{"href":"https:\/\/www.ananse.org\/de\/wp-json\/wp\/v2\/pages"}],"about":[{"href":"https:\/\/www.ananse.org\/de\/wp-json\/wp\/v2\/types\/page"}],"author":[{"embeddable":true,"href":"https:\/\/www.ananse.org\/de\/wp-json\/wp\/v2\/users\/4"}],"replies":[{"embeddable":true,"href":"https:\/\/www.ananse.org\/de\/wp-json\/wp\/v2\/comments?post=2431"}],"version-history":[{"count":1,"href":"https:\/\/www.ananse.org\/de\/wp-json\/wp\/v2\/pages\/2431\/revisions"}],"predecessor-version":[{"id":2432,"href":"https:\/\/www.ananse.org\/de\/wp-json\/wp\/v2\/pages\/2431\/revisions\/2432"}],"up":[{"embeddable":true,"href":"https:\/\/www.ananse.org\/de\/wp-json\/wp\/v2\/pages\/6"}],"wp:attachment":[{"href":"https:\/\/www.ananse.org\/de\/wp-json\/wp\/v2\/media?parent=2431"}],"curies":[{"name":"wp","href":"https:\/\/api.w.org\/{rel}","templated":true}]}}