{"id":33,"date":"2020-05-25T20:37:00","date_gmt":"2020-05-25T18:37:00","guid":{"rendered":"http:\/\/www.ananse.org\/___DesignFirst\/?page_id=33"},"modified":"2020-05-28T18:33:50","modified_gmt":"2020-05-28T16:33:50","slug":"so-arbeiten-wir","status":"publish","type":"page","link":"https:\/\/www.ananse.org\/de\/ananse\/so-arbeiten-wir\/","title":{"rendered":"So arbeiten wir"},"content":{"rendered":"<p><!--:de--><\/p>\n<p>Ananse unterst\u00fctzt seit dem Jahr 2000 Projekte f\u00fcr Menschen mit Behinderungen in Entwicklungsl\u00e4ndern. Der in Bielefeld eingetragene Verein ist gemeinn\u00fctzig, alle Mitglieder arbeiten ehrenamtlich.<\/p>\n<p>90% aller Menschen mit einer Behinderung leben in Entwicklungsl\u00e4ndern. Die dort vorherrschende Armut bewirkt, dass z.B. aus Krankheit oder Verletzung eine Behinderung entsteht. Wiederum armutsbedingt fehlen Hilfsmittel und Ma\u00dfnahmen, sodass Menschen mit einer Behinderung keinen Zugang zur Bildung und damit zum gesellschaftlichen Leben haben. Es entsteht eine Spirale der Verarmung.<\/p>\n<p>Ziel von Ananse ist es, dass Menschen mit einer Behinderung<a href=\"https:\/\/www.ananse.org\/de\/wp-content\/uploads\/2020\/04\/How-we-work.png\"><img loading=\"lazy\" decoding=\"async\" class=\"size-medium wp-image-1636 alignright\" src=\"https:\/\/www.ananse.org\/de\/wp-content\/uploads\/2020\/04\/How-we-work-300x224.png\" alt=\"\" width=\"300\" height=\"224\" srcset=\"https:\/\/www.ananse.org\/de\/wp-content\/uploads\/2020\/04\/How-we-work-300x224.png 300w, https:\/\/www.ananse.org\/de\/wp-content\/uploads\/2020\/04\/How-we-work.png 364w\" sizes=\"auto, (max-width: 300px) 100vw, 300px\" \/><\/a><\/p>\n<ul>\n<li>Zugang zur Bildung erhalten<\/li>\n<li>berufliche Perspektiven erlangen<\/li>\n<li>Selbstst\u00e4ndigkeit und soziale Integration erreichen<\/li>\n<li>gesellschaftliche Akzeptanz und Teilhabe erfahren<\/li>\n<\/ul>\n<p>Ananses Leitgedanke der Entwicklungs-zusammenarbeit stellt die Kooperation aller Beteiligten in den Mittelpunkt. Die Initiative erfolgt von den Menschen vor Ort. Gemeinsam mit ihnen und unseren Projektpartnern entwickeln wir die Ideen weiter. Unsere Erfahrungen in der Kooperation zeigen, dass es zielf\u00fchrend und nachhaltig ist, bestehende Strukturen zu nutzen. Wir helfen dabei, diese weiter auszubauen. Die Projekte werden kontinuierlich begleitet, dokumentiert und die Spender erhalten regelm\u00e4\u00dfig Informationen.<\/p>\n","protected":false},"excerpt":{"rendered":"<p>Ananse unterst\u00fctzt seit dem Jahr 2000 Projekte f\u00fcr Menschen mit Behinderungen in Entwicklungsl\u00e4ndern. Der in Bielefeld eingetragene Verein ist gemeinn\u00fctzig, alle Mitglieder arbeiten ehrenamtlich. 90% [&#8230;]<\/p>\n","protected":false},"author":1,"featured_media":0,"parent":6,"menu_order":1,"comment_status":"closed","ping_status":"closed","template":"","meta":{"footnotes":""},"class_list":["post-33","page","type-page","status-publish","hentry"],"jetpack_sharing_enabled":true,"_links":{"self":[{"href":"https:\/\/www.ananse.org\/de\/wp-json\/wp\/v2\/pages\/33","targetHints":{"allow":["GET"]}}],"collection":[{"href":"https:\/\/www.ananse.org\/de\/wp-json\/wp\/v2\/pages"}],"about":[{"href":"https:\/\/www.ananse.org\/de\/wp-json\/wp\/v2\/types\/page"}],"author":[{"embeddable":true,"href":"https:\/\/www.ananse.org\/de\/wp-json\/wp\/v2\/users\/1"}],"replies":[{"embeddable":true,"href":"https:\/\/www.ananse.org\/de\/wp-json\/wp\/v2\/comments?post=33"}],"version-history":[{"count":2,"href":"https:\/\/www.ananse.org\/de\/wp-json\/wp\/v2\/pages\/33\/revisions"}],"predecessor-version":[{"id":1969,"href":"https:\/\/www.ananse.org\/de\/wp-json\/wp\/v2\/pages\/33\/revisions\/1969"}],"up":[{"embeddable":true,"href":"https:\/\/www.ananse.org\/de\/wp-json\/wp\/v2\/pages\/6"}],"wp:attachment":[{"href":"https:\/\/www.ananse.org\/de\/wp-json\/wp\/v2\/media?parent=33"}],"curies":[{"name":"wp","href":"https:\/\/api.w.org\/{rel}","templated":true}]}}