{"id":36,"date":"2020-05-01T00:38:00","date_gmt":"2020-04-30T22:38:00","guid":{"rendered":"http:\/\/www.ananse.org\/___DesignFirst\/?page_id=36"},"modified":"2025-02-09T17:30:07","modified_gmt":"2025-02-09T16:30:07","slug":"unsere-kooperationspartner","status":"publish","type":"page","link":"https:\/\/www.ananse.org\/de\/ananse\/unsere-kooperationspartner\/","title":{"rendered":"Unsere Kooperationspartner"},"content":{"rendered":"<p>\u00a0<\/p>\n<p><a href=\"https:\/\/www.welthaus.de\/\"><img loading=\"lazy\" decoding=\"async\" class=\"size-full wp-image-1684 aligncenter\" src=\"https:\/\/www.ananse.org\/de\/wp-content\/uploads\/2020\/05\/Welthaus-Logo.jpg\" alt=\"\" width=\"226\" height=\"120\" \/><\/a>Ananse e.V. ist eine der zahlreichen Mitgliedsgruppen des Welthauses Bielefeld.<\/p>\n<p><strong> <a href=\"http:\/\/www.see-africa.de\/\"><img loading=\"lazy\" decoding=\"async\" class=\"size-medium wp-image-1690 aligncenter\" src=\"https:\/\/www.ananse.org\/de\/wp-content\/uploads\/2020\/05\/SeeAfrica-Logo-1-300x160.jpg\" alt=\"\" width=\"300\" height=\"160\" srcset=\"https:\/\/www.ananse.org\/de\/wp-content\/uploads\/2020\/05\/SeeAfrica-Logo-1-300x160.jpg 300w, https:\/\/www.ananse.org\/de\/wp-content\/uploads\/2020\/05\/SeeAfrica-Logo-1.jpg 582w\" sizes=\"auto, (max-width: 300px) 100vw, 300px\" \/><\/a><\/strong>See Africa geht auf die private Initiative von Uwe Reher und Juliane Schmidt-Reher zur\u00fcck. Seit 2002 suchen diese Unterst\u00fctzer f\u00fcr die schulische und nachschulische Ausbildung von blinden Kindern und Jugendlichen. Seit 2006 ist ihre Arbeit Bestandteil von Ananse e.V., und der Projektpartner in Kenia (Salus Oculi Kenya) ist auch f\u00fcr die Verwaltung und Dokumentation des Schulgelds verantwortlich.<\/p>\n<p><a href=\"https:\/\/nlj.de\/ghana-e-v.html\"><img loading=\"lazy\" decoding=\"async\" class=\"aligncenter size-medium wp-image-1691\" src=\"https:\/\/www.ananse.org\/de\/wp-content\/uploads\/2020\/05\/GhanaeV-Logo-300x84.jpg\" alt=\"\" width=\"300\" height=\"84\" srcset=\"https:\/\/www.ananse.org\/de\/wp-content\/uploads\/2020\/05\/GhanaeV-Logo-300x84.jpg 300w, https:\/\/www.ananse.org\/de\/wp-content\/uploads\/2020\/05\/GhanaeV-Logo.jpg 310w\" sizes=\"auto, (max-width: 300px) 100vw, 300px\" \/><\/a>Der Verein Ghana e.V. ist aus einer Initiative der nieders\u00e4chsischen Landjugend hervorgegangen. Seit der Vereinsgr\u00fcndung unterst\u00fctzt der Ghana e.V. ausschlie\u00dflich die Rural Youth Association Wenchi-Nkoranza in Ghana. Ananse e.V. und der Ghana e.V. haben gemeinsam den Bau des Ausbildungszentrums f\u00fcr Menschen mit und ohne Behinderung in Wenchi auf den Weg gebracht.<\/p>\n<p><a href=\"https:\/\/www.blindenhilfswerk.de\/\"><img loading=\"lazy\" decoding=\"async\" class=\"aligncenter size-full wp-image-1692\" src=\"https:\/\/www.ananse.org\/de\/wp-content\/uploads\/2020\/05\/DBHW-Logo.png\" alt=\"\" width=\"262\" height=\"125\" \/><\/a>Das Deutsche Blindenhilfswerk (DBHW) wurde 1961 gegr\u00fcndet. Im Unterschied zu Selbsthilfegruppen wie den lokalen Blinden- und Sehbehindertenvereinen unterst\u00fctzt das DBHW nicht die eigenen Mitglieder, sondern hilfebed\u00fcrftige blinde und sehbehinderte Menschen weltweit. Das DBHW ist in Deutschland, Osteuropa, Ost- und Westafrika sowie vereinzelt in Asien und S\u00fcdamerika t\u00e4tig.<br \/>Ananse e.V. und der DBHW haben in Kenia einen gemeinsamen Projektpartner: die Nichtregierungsorganisation Salus Oculi Kenya. Dies bedingt einen regelm\u00e4\u00dfigen Austausch \u00fcber die Arbeit vor Ort.<\/p>\n<p><a href=\"https:\/\/www.bezev.de\/\"><img loading=\"lazy\" decoding=\"async\" class=\"aligncenter size-full wp-image-1680\" src=\"https:\/\/www.ananse.org\/de\/wp-content\/uploads\/2020\/05\/BEZEV-Logo.jpg\" alt=\"\" width=\"177\" height=\"100\" \/><\/a>Behinderung und Entwicklungszusammenarbeit e.V. (<em>bezev<\/em>) setzt sich f\u00fcr eine &#8222;gleichberechtigte Beteiligung von Menschen mit Behinderung an Entwicklungsprozessen&#8220; ein, die zu einer gerechten und sozialen Welt beitragen und im Sinne einer nachhaltigen Entwicklung gestaltet werden.<br \/><em>bezev <\/em>versteht die gleichberechtigte Beteiligung von Menschen mit Behinderung als Menschenrecht, f\u00f6rdert und unterst\u00fctzt die Teilhabechancen von Menschen mit Behinderung in inklusiven Entwicklungsprozessen.<br \/><em>bezev <\/em>wurde 1995 gegr\u00fcndet und ist ein eingetragener, gemeinn\u00fctziger Verein, konfessionell und parteipolitisch ungebunden, arbeitet aber eng mit kirchlichen Hilfswerken und entwicklungspolitischen Organisationen zusammen.<br \/>Ananse e.V. kooperiert mit bezev insbesondere im Zusammenhang mit dem weltw\u00e4rts-Freiwilligendienst, zu dem seit 2010 auch Stellen aus Ananse-Partnerprojekten angeboten werden.<\/p>\n<p><a href=\"https:\/\/www.ananse.org\/de\/wp-content\/uploads\/2020\/05\/AfricaAction-Logo.jpg\"><img loading=\"lazy\" decoding=\"async\" class=\"aligncenter size-full wp-image-1679\" src=\"https:\/\/www.ananse.org\/de\/wp-content\/uploads\/2020\/05\/AfricaAction-Logo.jpg\" alt=\"\" width=\"110\" height=\"103\" \/><\/a>&#8222;africa action \/ Deutschland e.V.&#8220; (aa\/D, vormals Ghana Aktion) ist ein eingetragenes und als gemeinn\u00fctzig und mildt\u00e4tig anerkanntes Hilfswerk f\u00fcr blinde und k\u00f6rperlich und geistig behinderte Menschen in Afrika.<br \/>Ananse e.V. ist korporatives Mitglied der aa\/D und arbeitet unter anderem bei der Durchf\u00fchrung von Projekten in Ghana mit den dortigen Mitarbeitern der aa\/D zusammen.<\/p>\n<p>Seit dem Jahr 2009 besteht die M\u00f6glichkeit, in Partnerprojekten von Ananse e.V. einen Freiwilligendienst im Rahmen des weltw\u00e4rts-Programms zu machen.<\/p>\n\n\n<p><\/p>\n","protected":false},"excerpt":{"rendered":"<p>\u00a0 Ananse e.V. ist eine der zahlreichen Mitgliedsgruppen des Welthauses Bielefeld. See Africa geht auf die private Initiative von Uwe Reher und Juliane Schmidt-Reher zur\u00fcck. [&#8230;]<\/p>\n","protected":false},"author":1,"featured_media":0,"parent":6,"menu_order":3,"comment_status":"closed","ping_status":"closed","template":"","meta":{"footnotes":""},"class_list":["post-36","page","type-page","status-publish","hentry"],"jetpack_sharing_enabled":true,"_links":{"self":[{"href":"https:\/\/www.ananse.org\/de\/wp-json\/wp\/v2\/pages\/36","targetHints":{"allow":["GET"]}}],"collection":[{"href":"https:\/\/www.ananse.org\/de\/wp-json\/wp\/v2\/pages"}],"about":[{"href":"https:\/\/www.ananse.org\/de\/wp-json\/wp\/v2\/types\/page"}],"author":[{"embeddable":true,"href":"https:\/\/www.ananse.org\/de\/wp-json\/wp\/v2\/users\/1"}],"replies":[{"embeddable":true,"href":"https:\/\/www.ananse.org\/de\/wp-json\/wp\/v2\/comments?post=36"}],"version-history":[{"count":4,"href":"https:\/\/www.ananse.org\/de\/wp-json\/wp\/v2\/pages\/36\/revisions"}],"predecessor-version":[{"id":2440,"href":"https:\/\/www.ananse.org\/de\/wp-json\/wp\/v2\/pages\/36\/revisions\/2440"}],"up":[{"embeddable":true,"href":"https:\/\/www.ananse.org\/de\/wp-json\/wp\/v2\/pages\/6"}],"wp:attachment":[{"href":"https:\/\/www.ananse.org\/de\/wp-json\/wp\/v2\/media?parent=36"}],"curies":[{"name":"wp","href":"https:\/\/api.w.org\/{rel}","templated":true}]}}