{"id":6,"date":"2020-05-26T00:03:00","date_gmt":"2020-05-25T22:03:00","guid":{"rendered":"http:\/\/www.ananse.org\/___DesignFirst\/?page_id=6"},"modified":"2021-04-06T14:02:42","modified_gmt":"2021-04-06T12:02:42","slug":"ananse","status":"publish","type":"page","link":"https:\/\/www.ananse.org\/de\/","title":{"rendered":"Ananse e.V."},"content":{"rendered":"\n<figure class=\"wp-block-image alignfull size-large\"><img loading=\"lazy\" decoding=\"async\" width=\"1024\" height=\"426\" src=\"https:\/\/www.ananse.org\/de\/wp-content\/uploads\/2020\/04\/cropped-Titelbild-scaled-2-1024x426.jpg\" alt=\"\" class=\"wp-image-1619\" srcset=\"https:\/\/www.ananse.org\/de\/wp-content\/uploads\/2020\/04\/cropped-Titelbild-scaled-2-1024x426.jpg 1024w, https:\/\/www.ananse.org\/de\/wp-content\/uploads\/2020\/04\/cropped-Titelbild-scaled-2-300x125.jpg 300w, https:\/\/www.ananse.org\/de\/wp-content\/uploads\/2020\/04\/cropped-Titelbild-scaled-2-768x319.jpg 768w, https:\/\/www.ananse.org\/de\/wp-content\/uploads\/2020\/04\/cropped-Titelbild-scaled-2-1200x499.jpg 1200w, https:\/\/www.ananse.org\/de\/wp-content\/uploads\/2020\/04\/cropped-Titelbild-scaled-2.jpg 1500w\" sizes=\"auto, (max-width: 1024px) 100vw, 1024px\" \/><\/figure>\n\n\n\n<div class=\"wp-block-image\"><figure class=\"alignright size-medium is-resized\"><img loading=\"lazy\" decoding=\"async\" src=\"https:\/\/www.ananse.org\/de\/wp-content\/uploads\/2020\/04\/Logo-Ananse-300x188.jpg\" alt=\"\" class=\"wp-image-1611\" width=\"310\" height=\"198\"\/><\/figure><\/div>\n\n\n\n<p>Die Spinne Ananse ist in Ghana (Westafrika) die Hauptfigur vieler traditioneller Geschichten.<\/p>\n\n\n\n<p>Diese Geschichten werden auch heute noch erz\u00e4hlt und dienen als Mittel der Konfliktbew\u00e4ltigung oder um Erfahrungen an die kommende Generation weiter zu geben.<\/p>\n\n\n\n<p>Menschen einander n\u00e4her zu bringen und Probleme zu l\u00f6sen, ist auch das Ziel unseres Vereins \u201cAnanse e.V. \u2013 support of people with special needs\u201d. Genauso wie die Spinne ihr Netz kn\u00fcpft, m\u00f6chte der Verein die Arbeit von Menschen in verschiedenen L\u00e4ndern und Kontinenten miteinander verbinden.<\/p>\n\n\n\n<p>Die Mitglieder von Ananse e.V. haben sich zum Ziel gesetzt, Projekte f\u00fcr Menschen mit besonderen Bed\u00fcrfnissen im Rahmen von Entwicklungszusammenarbeit zu unterst\u00fctzen. Seit der Gr\u00fcndung des Vereins im Jahr 2000 sind bereits zahlreiche Vorhaben f\u00fcr Menschen mit besonderen Bed\u00fcrfnissen (special needs) in unseren bisherigen Partnerl\u00e4ndern Kenia und Ghana geplant und durchgef\u00fchrt worden.<\/p>\n","protected":false},"excerpt":{"rendered":"<p>Die Spinne Ananse ist in Ghana (Westafrika) die Hauptfigur vieler traditioneller Geschichten. Diese Geschichten werden auch heute noch erz\u00e4hlt und dienen als Mittel der Konfliktbew\u00e4ltigung [&#8230;]<\/p>\n","protected":false},"author":1,"featured_media":0,"parent":0,"menu_order":0,"comment_status":"closed","ping_status":"closed","template":"","meta":{"footnotes":""},"class_list":["post-6","page","type-page","status-publish","hentry"],"jetpack_sharing_enabled":true,"_links":{"self":[{"href":"https:\/\/www.ananse.org\/de\/wp-json\/wp\/v2\/pages\/6","targetHints":{"allow":["GET"]}}],"collection":[{"href":"https:\/\/www.ananse.org\/de\/wp-json\/wp\/v2\/pages"}],"about":[{"href":"https:\/\/www.ananse.org\/de\/wp-json\/wp\/v2\/types\/page"}],"author":[{"embeddable":true,"href":"https:\/\/www.ananse.org\/de\/wp-json\/wp\/v2\/users\/1"}],"replies":[{"embeddable":true,"href":"https:\/\/www.ananse.org\/de\/wp-json\/wp\/v2\/comments?post=6"}],"version-history":[{"count":6,"href":"https:\/\/www.ananse.org\/de\/wp-json\/wp\/v2\/pages\/6\/revisions"}],"predecessor-version":[{"id":2245,"href":"https:\/\/www.ananse.org\/de\/wp-json\/wp\/v2\/pages\/6\/revisions\/2245"}],"wp:attachment":[{"href":"https:\/\/www.ananse.org\/de\/wp-json\/wp\/v2\/media?parent=6"}],"curies":[{"name":"wp","href":"https:\/\/api.w.org\/{rel}","templated":true}]}}